{"id":5023,"date":"2017-04-20T07:51:49","date_gmt":"2017-04-20T07:51:49","guid":{"rendered":"https:\/\/unitedfc.co\/contact\/"},"modified":"2025-11-18T19:06:30","modified_gmt":"2025-11-18T19:06:30","slug":"contact","status":"publish","type":"page","link":"https:\/\/unitedfc.com.mx\/en\/contact\/","title":{"rendered":"Contact"},"content":{"rendered":"<p><section id=\"bt_bb_section69fdf2a5b2954\" class=\"bt_bb_section bt_bb_layout_boxed_1200 bt_bb_vertical_align_top bt_bb_top_spacing_large bt_bb_bottom_spacing_large\"  data-bt-override-class=\"null\"><div class=\"bt_bb_port\"><div class=\"bt_bb_cell\"><div class=\"bt_bb_cell_inner\"><div class=\"bt_bb_row \"  data-bt-override-class=\"{}\"><div class=\"bt_bb_row_holder\" ><div  class=\"bt_bb_column col-xxl-6 col-xl-6 bt_bb_vertical_align_top bt_bb_align_left bt_bb_padding_double bt_bb_animation_fade_in animate\" style=\"; --column-width:6;\" data-width=\"6\" data-bt-override-class=\"{}\"><div class=\"bt_bb_column_content\"><div class=\"bt_bb_column_content_inner\"><header data-bb-version=\"4.5.9\" class=\"bt_bb_headline bt_bb_font_weight_900 bt_bb_subheadline_text_transform_default bt_bb_dash_bottom bt_bb_size_normal bt_bb_align_inherit\" style=\";color:rgb(0,74,173);border-color:rgb(0,74,173);\" data-bt-override-class=\"{&quot;bt_bb_size_&quot;:{&quot;current_class&quot;:&quot;bt_bb_size_normal&quot;,&quot;xxl&quot;:&quot;normal&quot;},&quot;bt_bb_align_&quot;:{&quot;current_class&quot;:&quot;bt_bb_align_inherit&quot;,&quot;xxl&quot;:&quot;inherit&quot;}}\"><h2 class=\"bt_bb_headline_tag\"><span class=\"bt_bb_headline_content\"><span>CONTACT US<\/span><\/span><\/h2><\/header><div class=\"bt_bb_separator bt_bb_top_spacing_normal bt_bb_border_style_none\" data-bt-override-class=\"null\"><\/div><div  class=\"bt_bb_text\" ><\/p>\n<div class=\"wpcf7 no-js\" id=\"wpcf7-f5060-o1\" lang=\"en-US\" dir=\"ltr\" data-wpcf7-id=\"5060\">\n<div class=\"screen-reader-response\">\n<p role=\"status\" aria-live=\"polite\" aria-atomic=\"true\">\n<ul><\/ul>\n<\/div>\n<form action=\"\/en\/wp-json\/wp\/v2\/pages\/5023#wpcf7-f5060-o1\" method=\"post\" class=\"wpcf7-form init\" aria-label=\"Contact form\" novalidate=\"novalidate\" data-status=\"init\">\n<div style=\"display: none;\">\n<input type=\"hidden\" name=\"_wpcf7\" value=\"5060\" \/><br \/>\n<input type=\"hidden\" name=\"_wpcf7_version\" value=\"6.0.6\" \/><br \/>\n<input type=\"hidden\" name=\"_wpcf7_locale\" value=\"en_US\" \/><br \/>\n<input type=\"hidden\" name=\"_wpcf7_unit_tag\" value=\"wpcf7-f5060-o1\" \/><br \/>\n<input type=\"hidden\" name=\"_wpcf7_container_post\" value=\"0\" \/><br \/>\n<input type=\"hidden\" name=\"_wpcf7_posted_data_hash\" value=\"\" \/>\n<\/div>\n<div class=\"boldRow btContactRow\">\n<div class=\"btContactRowInput btContactRowInputFlex\">\n<div class=\"btContactInputName\">\n<p><span class=\"wpcf7-form-control-wrap\" data-name=\"your-name\"><input size=\"40\" maxlength=\"400\" class=\"wpcf7-form-control wpcf7-text wpcf7-validates-as-required\" aria-required=\"true\" aria-invalid=\"false\" placeholder=\"Full name\" value=\"\" type=\"text\" name=\"your-name\" \/><\/span>\n\t\t\t<\/p>\n<\/p><\/div>\n<div class=\"btContactInputEmail\">\n<p><span class=\"wpcf7-form-control-wrap\" data-name=\"your-email\"><input size=\"40\" maxlength=\"400\" class=\"wpcf7-form-control wpcf7-email wpcf7-validates-as-required wpcf7-text wpcf7-validates-as-email\" aria-required=\"true\" aria-invalid=\"false\" placeholder=\"Email\" value=\"\" type=\"email\" name=\"your-email\" \/><\/span>\n\t\t\t<\/p>\n<\/p><\/div>\n<\/p><\/div>\n<div class=\"btContactRowInput\">\n<p><span class=\"wpcf7-form-control-wrap\" data-name=\"your-message\"><textarea cols=\"40\" rows=\"10\" maxlength=\"2000\" class=\"wpcf7-form-control wpcf7-textarea\" aria-invalid=\"false\" placeholder=\"Message\" name=\"your-message\"><\/textarea><\/span>\n\t\t<\/p>\n<\/p><\/div>\n<div class=\"btDeliveryContactRowButton\">\n<p><input class=\"wpcf7-form-control wpcf7-submit has-spinner\" type=\"submit\" value=\"Send Message\" \/>\n\t\t<\/p>\n<\/p><\/div>\n<\/div>\n<p><input type='hidden' class='wpcf7-pum' value='{\"closepopup\":false,\"closedelay\":0,\"openpopup\":false,\"openpopup_id\":0}' \/><\/p>\n<div class=\"wpcf7-response-output\" aria-hidden=\"true\"><\/div>\n<\/form>\n<\/div>\n<p>\n<\/div><\/div><\/div><\/div><div  class=\"bt_bb_column col-xxl-6 col-xl-6 bt_bb_vertical_align_top bt_bb_align_left bt_bb_padding_double bt_bb_animation_fade_in animate\" style=\"; --column-width:6;\" data-width=\"6\" data-bt-override-class=\"{}\"><div class=\"bt_bb_column_content\"><div class=\"bt_bb_column_content_inner\"><header data-bb-version=\"4.5.9\" class=\"bt_bb_headline bt_bb_font_weight_900 bt_bb_subheadline_text_transform_default bt_bb_dash_bottom bt_bb_size_normal bt_bb_align_inherit\" style=\";color:rgb(0,74,173);border-color:rgb(0,74,173);\" data-bt-override-class=\"{&quot;bt_bb_size_&quot;:{&quot;current_class&quot;:&quot;bt_bb_size_normal&quot;,&quot;xxl&quot;:&quot;normal&quot;},&quot;bt_bb_align_&quot;:{&quot;current_class&quot;:&quot;bt_bb_align_inherit&quot;,&quot;xxl&quot;:&quot;inherit&quot;}}\"><h2 class=\"bt_bb_headline_tag\"><span class=\"bt_bb_headline_content\"><span>OUR OFFICES<\/span><\/span><\/h2><\/header><div class=\"bt_bb_separator bt_bb_top_spacing_normal bt_bb_border_style_none\" data-bt-override-class=\"null\"><\/div><div  class=\"bt_bb_text\" ><\/p>\n<h4><strong>Monterrey<\/strong><\/h4>\n<p>Av. M. G\u00f3mez Mor\u00edn 350, P3 Of-303, Col. Valle del Campestre, San Pedro Garza Garc\u00eda, C.P. 66273 N.L. M\u00e9xico<\/p>\n<p><strong><a href=\"mailto:c.service@unitedfc.com.mx\">info@unitedfc.com.mx<\/a><\/strong><\/p>\n<p>+52 (81) 1759 4839 SALES<\/p>\n<p>+52 (81) 4780 4265 EXT 202 OPERATIONS<\/p>\n<p>+52 (81) 4780 4265 EXT 205 FINANCE<\/p>\n<p>+52 (81) 4780 4265 EXT 207 C. SERVICE<\/p>\n<h4><strong>Quer\u00e9taro<\/strong><\/h4>\n<p>Blvd. de las Ciencias #3015 Of-309, Juriquilla, Santa Fe, C.P. 76230 Quer\u00e9taro. M\u00e9xico<\/p>\n<p><strong><a href=\"mailto:lmesta@unitedfc.com.mx\">lmesta@unitedfc.com.mx<\/a><\/strong><\/p>\n<p>Tel: +52 (442) 296 8127 SALES<\/p>\n<h4><strong>Costa Rica<\/strong><\/h4>\n<p>Sabana Oeste, Oficentro, San Jos\u00e9, Costa Rica 01000<\/p>\n<p><strong><a href=\"mailto:lmesta@unitedfc.com.mx\">estaban.leon@unitedfc.com.mx\u00a0<\/a><\/strong><\/p>\n<p>Tel: +506 8526 0705 SALES<\/p>\n<p>\n<\/div><\/div><\/div><\/div><\/div><\/div><\/div><!-- cell_inner --><\/div><!-- cell --><\/div><!-- port --><\/section><section data-bb-version=\"4.5.6\" id=\"bt_bb_section69fdf2a5b3985\" class=\"bt_bb_section bt_bb_layout_wide bt_bb_vertical_align_top bt_bb_top_spacing_none bt_bb_bottom_spacing_none bt_bb_highlighted_no bt_bb_hidden_xs bt_bb_hidden_ms bt_bb_hidden_sm bt_bb_hidden_md bt_bb_hidden_lg bt_bb_hidden_xl\"  data-bt-override-class=\"{&quot;bt_bb_top_spacing_&quot;:{&quot;current_class&quot;:&quot;bt_bb_top_spacing_none&quot;,&quot;xxl&quot;:&quot;none&quot;},&quot;bt_bb_bottom_spacing_&quot;:{&quot;current_class&quot;:&quot;bt_bb_bottom_spacing_none&quot;,&quot;xxl&quot;:&quot;none&quot;}}\"><div class=\"bt_bb_port\"><div class=\"bt_bb_cell\"><div class=\"bt_bb_cell_inner\"><div class=\"bt_bb_row \"  data-bt-override-class=\"{}\"><div class=\"bt_bb_row_holder\" ><div  class=\"bt_bb_column col-xxl-12 col-xl-12 bt_bb_vertical_align_top bt_bb_align_left bt_bb_padding_normal\" style=\"; --column-width:12;\" data-width=\"12\" data-bt-override-class=\"{}\"><div class=\"bt_bb_column_content\"><div class=\"bt_bb_column_content_inner\"><div data-bb-version=\"4.5.6\" class=\"bt_bb_google_maps bt_bb_map bt_bb_map_type_interactive\" data-center=\"no\" data-bt-override-class=\"{}\"><div class=\"bt_bb_google_maps_map bt_bb_map_map\" id=\"map_canvas69fdf2a5b3b4a\" data-height=\"750\" data-api-key=\"AIzaSyChhK6DBrhaX0BllVaTu5_FTfAHp6Lf5pc\" data-map-type=\"interactive\" data-zoom=\"14\" data-init-finished=\"false\" data-custom-style=\"W3siZmVhdHVyZVR5cGUiOiJ3YXRlciIsImVsZW1lbnRUeXBlIjoiZ2VvbWV0cnkiLCJzdHlsZXJzIjpbeyJjb2xvciI6IiNlOWU5ZTkifSx7ImxpZ2h0bmVzcyI6MTd9XX0seyJmZWF0dXJlVHlwZSI6ImxhbmRzY2FwZSIsImVsZW1lbnRUeXBlIjoiZ2VvbWV0cnkiLCJzdHlsZXJzIjpbeyJjb2xvciI6IiNmNWY1ZjUifSx7ImxpZ2h0bmVzcyI6MjB9XX0seyJmZWF0dXJlVHlwZSI6InJvYWQuaGlnaHdheSIsImVsZW1lbnRUeXBlIjoiZ2VvbWV0cnkuZmlsbCIsInN0eWxlcnMiOlt7ImNvbG9yIjoiI2ZmZmZmZiJ9LHsibGlnaHRuZXNzIjoxN31dfSx7ImZlYXR1cmVUeXBlIjoicm9hZC5oaWdod2F5IiwiZWxlbWVudFR5cGUiOiJnZW9tZXRyeS5zdHJva2UiLCJzdHlsZXJzIjpbeyJjb2xvciI6IiNmZmZmZmYifSx7ImxpZ2h0bmVzcyI6Mjl9LHsid2VpZ2h0IjowLjJ9XX0seyJmZWF0dXJlVHlwZSI6InJvYWQuYXJ0ZXJpYWwiLCJlbGVtZW50VHlwZSI6Imdlb21ldHJ5Iiwic3R5bGVycyI6W3siY29sb3IiOiIjZmZmZmZmIn0seyJsaWdodG5lc3MiOjE4fV19LHsiZmVhdHVyZVR5cGUiOiJyb2FkLmxvY2FsIiwiZWxlbWVudFR5cGUiOiJnZW9tZXRyeSIsInN0eWxlcnMiOlt7ImNvbG9yIjoiI2ZmZmZmZiJ9LHsibGlnaHRuZXNzIjoxNn1dfSx7ImZlYXR1cmVUeXBlIjoicG9pIiwiZWxlbWVudFR5cGUiOiJnZW9tZXRyeSIsInN0eWxlcnMiOlt7ImNvbG9yIjoiI2Y1ZjVmNSJ9LHsibGlnaHRuZXNzIjoyMX1dfSx7ImZlYXR1cmVUeXBlIjoicG9pLnBhcmsiLCJlbGVtZW50VHlwZSI6Imdlb21ldHJ5Iiwic3R5bGVycyI6W3siY29sb3IiOiIjZGVkZWRlIn0seyJsaWdodG5lc3MiOjIxfV19LHsiZWxlbWVudFR5cGUiOiJsYWJlbHMudGV4dC5zdHJva2UiLCJzdHlsZXJzIjpbeyJ2aXNpYmlsaXR5Ijoib24ifSx7ImNvbG9yIjoiI2ZmZmZmZiJ9LHsibGlnaHRuZXNzIjoxNn1dfSx7ImVsZW1lbnRUeXBlIjoibGFiZWxzLnRleHQuZmlsbCIsInN0eWxlcnMiOlt7InNhdHVyYXRpb24iOjM2fSx7ImNvbG9yIjoiIzMzMzMzMyJ9LHsibGlnaHRuZXNzIjo0MH1dfSx7ImVsZW1lbnRUeXBlIjoibGFiZWxzLmljb24iLCJzdHlsZXJzIjpbeyJ2aXNpYmlsaXR5Ijoib2ZmIn1dfSx7ImZlYXR1cmVUeXBlIjoidHJhbnNpdCIsImVsZW1lbnRUeXBlIjoiZ2VvbWV0cnkiLCJzdHlsZXJzIjpbeyJjb2xvciI6IiNmMmYyZjIifSx7ImxpZ2h0bmVzcyI6MTl9XX0seyJmZWF0dXJlVHlwZSI6ImFkbWluaXN0cmF0aXZlIiwiZWxlbWVudFR5cGUiOiJnZW9tZXRyeS5maWxsIiwic3R5bGVycyI6W3siY29sb3IiOiIjZmVmZWZlIn0seyJsaWdodG5lc3MiOjIwfV19LHsiZmVhdHVyZVR5cGUiOiJhZG1pbmlzdHJhdGl2ZSIsImVsZW1lbnRUeXBlIjoiZ2VvbWV0cnkuc3Ryb2tlIiwic3R5bGVycyI6W3siY29sb3IiOiIjZmVmZWZlIn0seyJsaWdodG5lc3MiOjE3fSx7IndlaWdodCI6MS4yfV19XQ==\" style=\"height:750px\"\"><\/div><div data-bb-version=\"4.5.6\" class=\"bt_bb_google_maps_location bt_bb_map_location bt_bb_google_maps_location_without_content bt_bb_map_location_without_content\" data-lat=\"25.657337\" data-lng=\"-100.369673\" data-icon=\"https:\/\/unitedfc.com.mx\/wp-content\/uploads\/2017\/04\/pin_black.png\"><\/div><\/div><\/div><\/div><\/div><\/div><\/div><\/div><!-- cell_inner --><\/div><!-- cell --><\/div><!-- port --><\/section><section data-bb-version=\"4.5.6\" id=\"bt_bb_section69fdf2a5b416d\" class=\"bt_bb_section bt_bb_layout_boxed_1200\"  data-bt-override-class=\"null\"><div class=\"bt_bb_port\"><div class=\"bt_bb_cell\"><div class=\"bt_bb_cell_inner\"><div class=\"bt_bb_row \"  data-bt-override-class=\"{}\"><div class=\"bt_bb_row_holder\" ><div data-bb-version=\"4.5.6\"  class=\"bt_bb_column col-xxl-12 col-xl-12 col-xs-12 col-sm-12 col-md-12 col-lg-12 bt_bb_vertical_align_top bt_bb_align_left bt_bb_padding_normal\" style=\"; --column-width:12;\" data-width=\"12\" data-bt-override-class=\"{}\"><div class=\"bt_bb_column_content\"><div class=\"bt_bb_column_content_inner\"><div data-bb-version=\"4.5.6\" class=\" bt_bb_row_inner\"   data-bt-override-class=\"{}\"><div class=\"bt_bb_row_inner_holder\"  ><div data-bb-version=\"4.5.6\"  class=\"bt_bb_column_inner col-xxl-4 col-xl-4 col-xs-12 col-sm-12 col-md-12 col-lg-4 bt_bb_vertical_align_top bt_bb_align_left bt_bb_padding_normal\"  data-width=\"4\" data-bt-override-class=\"{}\"><div class=\"bt_bb_column_inner_content\"><div class=\"bt_bb_column_inner_content_inner\"><header data-bb-version=\"4.5.9\" class=\"bt_bb_headline bt_bb_font_weight_bold bt_bb_subheadline_text_transform_default bt_bb_dash_none bt_bb_size_normal bt_bb_align_inherit\" style=\";color:rgb(0,74,173);border-color:rgb(0,74,173);\" data-bt-override-class=\"{&quot;bt_bb_size_&quot;:{&quot;current_class&quot;:&quot;bt_bb_size_normal&quot;,&quot;xxl&quot;:&quot;normal&quot;},&quot;bt_bb_align_&quot;:{&quot;current_class&quot;:&quot;bt_bb_align_inherit&quot;,&quot;xxl&quot;:&quot;inherit&quot;}}\"><h2 class=\"bt_bb_headline_tag\"><span class=\"bt_bb_headline_content\"><span>MONTERREY<\/span><\/span><\/h2><\/header><div class=\"bt_bb_raw_content\"><iframe src=\"https:\/\/www.google.com\/maps\/embed?pb=!1m18!1m12!1m3!1d899.0992717915263!2d-100.37115094611275!3d25.658128439553355!2m3!1f0!2f0!3f0!3m2!1i1024!2i768!4f13.1!3m3!1m2!1s0x8662bda4987670f5%3A0xa5cae7ab3239b80b!2sUnited%20Freight%20Cargo!5e0!3m2!1ses-419!2smx!4v1694293475867!5m2!1ses-419!2smx\" width=\"600\" height=\"450\" style=\"border:0;\" allowfullscreen=\"\" loading=\"lazy\" referrerpolicy=\"no-referrer-when-downgrade\"><\/iframe><\/div><\/div><\/div><\/div><div data-bb-version=\"4.5.6\"  class=\"bt_bb_column_inner col-xxl-4 col-xl-4 col-xs-12 col-sm-12 col-md-12 col-lg-4 bt_bb_vertical_align_top bt_bb_align_left bt_bb_padding_normal\"  data-width=\"4\" data-bt-override-class=\"{}\"><div class=\"bt_bb_column_inner_content\"><div class=\"bt_bb_column_inner_content_inner\"><header data-bb-version=\"4.6.1\" class=\"bt_bb_headline bt_bb_font_weight_bold bt_bb_subheadline_text_transform_default bt_bb_dash_none bt_bb_size_normal bt_bb_align_inherit\" style=\";color:rgb(0,74,173);border-color:rgb(0,74,173);\" data-bt-override-class=\"{&quot;bt_bb_size_&quot;:{&quot;current_class&quot;:&quot;bt_bb_size_normal&quot;,&quot;xxl&quot;:&quot;normal&quot;},&quot;bt_bb_align_&quot;:{&quot;current_class&quot;:&quot;bt_bb_align_inherit&quot;,&quot;xxl&quot;:&quot;inherit&quot;}}\"><h2 class=\"bt_bb_headline_tag\"><span class=\"bt_bb_headline_content\"><span>QUERETARO <\/span><\/span><\/h2><\/header><div class=\"bt_bb_raw_content\"><iframe src=\"https:\/\/www.google.com\/maps\/embed?pb=!1m18!1m12!1m3!1d3732.3157394293676!2d-100.44313438778205!3d20.69739943079057!2m3!1f0!2f0!3f0!3m2!1i1024!2i768!4f13.1!3m3!1m2!1s0x85d3570067876ca7%3A0x3e01855eb66ca7d1!2sUnited%20Freight%20Cargo%20Quer%C3%A9taro!5e0!3m2!1ses-419!2smx!4v1744735390875!5m2!1ses-419!2smx\" width=\"600\" height=\"450\" style=\"border:0;\" allowfullscreen=\"\" loading=\"lazy\" referrerpolicy=\"no-referrer-when-downgrade\"><\/iframe><\/div><\/div><\/div><\/div><div data-bb-version=\"4.5.6\"  class=\"bt_bb_column_inner col-xxl-4 col-xl-4 col-xs-12 col-sm-12 col-md-12 col-lg-4 bt_bb_vertical_align_top bt_bb_align_left bt_bb_padding_normal\"  data-width=\"4\" data-bt-override-class=\"{}\"><div class=\"bt_bb_column_inner_content\"><div class=\"bt_bb_column_inner_content_inner\"><header data-bb-version=\"5.3.0\" class=\"bt_bb_headline bt_bb_font_weight_bold bt_bb_dash_none bt_bb_size_normal bt_bb_align_inherit\" style=\";color:rgb(0,74,173);border-color:rgb(0,74,173);\" data-bt-override-class=\"{&quot;bt_bb_size_&quot;:{&quot;current_class&quot;:&quot;bt_bb_size_normal&quot;,&quot;xxl&quot;:&quot;normal&quot;},&quot;bt_bb_align_&quot;:{&quot;current_class&quot;:&quot;bt_bb_align_inherit&quot;,&quot;xxl&quot;:&quot;inherit&quot;},&quot;bt_bb_animation_&quot;:{&quot;current_class&quot;:&quot;bt_bb_animation_no_animation&quot;,&quot;xxl&quot;:&quot;no_animation&quot;}}\"><h2 class=\"bt_bb_headline_tag\"><span class=\"bt_bb_headline_content\"><span>COSTA RICA<\/span><\/span><\/h2><\/header><div class=\"bt_bb_raw_content\"><iframe src=\"https:\/\/www.google.com\/maps\/embed?pb=!1m18!1m12!1m3!1d3930.03270117038!2d-84.10470428792571!3d9.931234590129685!2m3!1f0!2f0!3f0!3m2!1i1024!2i768!4f13.1!3m3!1m2!1s0x8fa0fcacdfdb6d97%3A0xf35790826dbd35c9!2sOficentro%20Ejecutivo%20la%20Sabana!5e0!3m2!1ses-419!2smx!4v1744735271369!5m2!1ses-419!2smx\" width=\"600\" height=\"450\" style=\"border:0;\" allowfullscreen=\"\" loading=\"lazy\" referrerpolicy=\"no-referrer-when-downgrade\"><\/iframe><\/div><\/div><\/div><\/div><\/div><\/div><\/div><\/div><\/div><\/div><\/div><\/div><!-- cell_inner --><\/div><!-- cell --><\/div><!-- port --><\/section><\/p>\n","protected":false},"excerpt":{"rendered":"<p>Contact us by the means of your choice or fill out the form. We will contact you as soon as possible. We are available 24 hours a day, 7 days a week.<\/p>\n","protected":false},"author":2,"featured_media":4918,"parent":0,"menu_order":0,"comment_status":"closed","ping_status":"closed","template":"","meta":{"content-type":"","footnotes":""},"class_list":["post-5023","page","type-page","status-publish","has-post-thumbnail","hentry"],"yoast_head":"<!-- This site is optimized with the Yoast SEO plugin v24.9 - https:\/\/yoast.com\/wordpress\/plugins\/seo\/ -->\n<title>Contact - Unitedfc<\/title>\n<meta name=\"robots\" content=\"index, follow, max-snippet:-1, max-image-preview:large, max-video-preview:-1\" \/>\n<link rel=\"canonical\" href=\"https:\/\/unitedfc.com.mx\/en\/contact\/\" \/>\n<meta property=\"og:locale\" content=\"en_US\" \/>\n<meta property=\"og:type\" content=\"article\" \/>\n<meta property=\"og:title\" content=\"Contact - Unitedfc\" \/>\n<meta property=\"og:description\" content=\"Contact us by the means of your choice or fill out the form. We will contact you as soon as possible. We are available 24 hours a day, 7 days a week.\" \/>\n<meta property=\"og:url\" content=\"https:\/\/unitedfc.com.mx\/en\/contact\/\" \/>\n<meta property=\"og:site_name\" content=\"Unitedfc\" \/>\n<meta property=\"article:modified_time\" content=\"2025-11-18T19:06:30+00:00\" \/>\n<meta property=\"og:image\" content=\"https:\/\/unitedfc.com.mx\/wp-content\/uploads\/2023\/04\/unitedfc-nosotros-1920x750-fondo-azul.jpg\" \/>\n\t<meta property=\"og:image:width\" content=\"1920\" \/>\n\t<meta property=\"og:image:height\" content=\"750\" \/>\n\t<meta property=\"og:image:type\" content=\"image\/jpeg\" \/>\n<meta name=\"twitter:card\" content=\"summary_large_image\" \/>\n<meta name=\"twitter:label1\" content=\"Est. reading time\" \/>\n\t<meta name=\"twitter:data1\" content=\"1 minute\" \/>\n<script type=\"application\/ld+json\" class=\"yoast-schema-graph\">{\"@context\":\"https:\/\/schema.org\",\"@graph\":[{\"@type\":\"WebPage\",\"@id\":\"https:\/\/unitedfc.com.mx\/en\/contact\/\",\"url\":\"https:\/\/unitedfc.com.mx\/en\/contact\/\",\"name\":\"Contact - Unitedfc\",\"isPartOf\":{\"@id\":\"https:\/\/unitedfc.com.mx\/#website\"},\"primaryImageOfPage\":{\"@id\":\"https:\/\/unitedfc.com.mx\/en\/contact\/#primaryimage\"},\"image\":{\"@id\":\"https:\/\/unitedfc.com.mx\/en\/contact\/#primaryimage\"},\"thumbnailUrl\":\"https:\/\/unitedfc.com.mx\/wp-content\/uploads\/2023\/04\/unitedfc-nosotros-1920x750-fondo-azul.jpg\",\"datePublished\":\"2017-04-20T07:51:49+00:00\",\"dateModified\":\"2025-11-18T19:06:30+00:00\",\"breadcrumb\":{\"@id\":\"https:\/\/unitedfc.com.mx\/en\/contact\/#breadcrumb\"},\"inLanguage\":\"en-US\",\"potentialAction\":[{\"@type\":\"ReadAction\",\"target\":[\"https:\/\/unitedfc.com.mx\/en\/contact\/\"]}]},{\"@type\":\"ImageObject\",\"inLanguage\":\"en-US\",\"@id\":\"https:\/\/unitedfc.com.mx\/en\/contact\/#primaryimage\",\"url\":\"https:\/\/unitedfc.com.mx\/wp-content\/uploads\/2023\/04\/unitedfc-nosotros-1920x750-fondo-azul.jpg\",\"contentUrl\":\"https:\/\/unitedfc.com.mx\/wp-content\/uploads\/2023\/04\/unitedfc-nosotros-1920x750-fondo-azul.jpg\",\"width\":1920,\"height\":750},{\"@type\":\"BreadcrumbList\",\"@id\":\"https:\/\/unitedfc.com.mx\/en\/contact\/#breadcrumb\",\"itemListElement\":[{\"@type\":\"ListItem\",\"position\":1,\"name\":\"Portada\",\"item\":\"https:\/\/unitedfc.com.mx\/en\/home\/\"},{\"@type\":\"ListItem\",\"position\":2,\"name\":\"Contact\"}]},{\"@type\":\"WebSite\",\"@id\":\"https:\/\/unitedfc.com.mx\/#website\",\"url\":\"https:\/\/unitedfc.com.mx\/\",\"name\":\"Unitedfc\",\"description\":\"\",\"potentialAction\":[{\"@type\":\"SearchAction\",\"target\":{\"@type\":\"EntryPoint\",\"urlTemplate\":\"https:\/\/unitedfc.com.mx\/?s={search_term_string}\"},\"query-input\":{\"@type\":\"PropertyValueSpecification\",\"valueRequired\":true,\"valueName\":\"search_term_string\"}}],\"inLanguage\":\"en-US\"}]}<\/script>\n<!-- \/ Yoast SEO plugin. -->","yoast_head_json":{"title":"Contact - Unitedfc","robots":{"index":"index","follow":"follow","max-snippet":"max-snippet:-1","max-image-preview":"max-image-preview:large","max-video-preview":"max-video-preview:-1"},"canonical":"https:\/\/unitedfc.com.mx\/en\/contact\/","og_locale":"en_US","og_type":"article","og_title":"Contact - Unitedfc","og_description":"Contact us by the means of your choice or fill out the form. We will contact you as soon as possible. We are available 24 hours a day, 7 days a week.","og_url":"https:\/\/unitedfc.com.mx\/en\/contact\/","og_site_name":"Unitedfc","article_modified_time":"2025-11-18T19:06:30+00:00","og_image":[{"width":1920,"height":750,"url":"https:\/\/unitedfc.com.mx\/wp-content\/uploads\/2023\/04\/unitedfc-nosotros-1920x750-fondo-azul.jpg","type":"image\/jpeg"}],"twitter_card":"summary_large_image","twitter_misc":{"Est. reading time":"1 minute"},"schema":{"@context":"https:\/\/schema.org","@graph":[{"@type":"WebPage","@id":"https:\/\/unitedfc.com.mx\/en\/contact\/","url":"https:\/\/unitedfc.com.mx\/en\/contact\/","name":"Contact - Unitedfc","isPartOf":{"@id":"https:\/\/unitedfc.com.mx\/#website"},"primaryImageOfPage":{"@id":"https:\/\/unitedfc.com.mx\/en\/contact\/#primaryimage"},"image":{"@id":"https:\/\/unitedfc.com.mx\/en\/contact\/#primaryimage"},"thumbnailUrl":"https:\/\/unitedfc.com.mx\/wp-content\/uploads\/2023\/04\/unitedfc-nosotros-1920x750-fondo-azul.jpg","datePublished":"2017-04-20T07:51:49+00:00","dateModified":"2025-11-18T19:06:30+00:00","breadcrumb":{"@id":"https:\/\/unitedfc.com.mx\/en\/contact\/#breadcrumb"},"inLanguage":"en-US","potentialAction":[{"@type":"ReadAction","target":["https:\/\/unitedfc.com.mx\/en\/contact\/"]}]},{"@type":"ImageObject","inLanguage":"en-US","@id":"https:\/\/unitedfc.com.mx\/en\/contact\/#primaryimage","url":"https:\/\/unitedfc.com.mx\/wp-content\/uploads\/2023\/04\/unitedfc-nosotros-1920x750-fondo-azul.jpg","contentUrl":"https:\/\/unitedfc.com.mx\/wp-content\/uploads\/2023\/04\/unitedfc-nosotros-1920x750-fondo-azul.jpg","width":1920,"height":750},{"@type":"BreadcrumbList","@id":"https:\/\/unitedfc.com.mx\/en\/contact\/#breadcrumb","itemListElement":[{"@type":"ListItem","position":1,"name":"Portada","item":"https:\/\/unitedfc.com.mx\/en\/home\/"},{"@type":"ListItem","position":2,"name":"Contact"}]},{"@type":"WebSite","@id":"https:\/\/unitedfc.com.mx\/#website","url":"https:\/\/unitedfc.com.mx\/","name":"Unitedfc","description":"","potentialAction":[{"@type":"SearchAction","target":{"@type":"EntryPoint","urlTemplate":"https:\/\/unitedfc.com.mx\/?s={search_term_string}"},"query-input":{"@type":"PropertyValueSpecification","valueRequired":true,"valueName":"search_term_string"}}],"inLanguage":"en-US"}]}},"_links":{"self":[{"href":"https:\/\/unitedfc.com.mx\/en\/wp-json\/wp\/v2\/pages\/5023","targetHints":{"allow":["GET"]}}],"collection":[{"href":"https:\/\/unitedfc.com.mx\/en\/wp-json\/wp\/v2\/pages"}],"about":[{"href":"https:\/\/unitedfc.com.mx\/en\/wp-json\/wp\/v2\/types\/page"}],"author":[{"embeddable":true,"href":"https:\/\/unitedfc.com.mx\/en\/wp-json\/wp\/v2\/users\/2"}],"replies":[{"embeddable":true,"href":"https:\/\/unitedfc.com.mx\/en\/wp-json\/wp\/v2\/comments?post=5023"}],"version-history":[{"count":17,"href":"https:\/\/unitedfc.com.mx\/en\/wp-json\/wp\/v2\/pages\/5023\/revisions"}],"predecessor-version":[{"id":5789,"href":"https:\/\/unitedfc.com.mx\/en\/wp-json\/wp\/v2\/pages\/5023\/revisions\/5789"}],"wp:featuredmedia":[{"embeddable":true,"href":"https:\/\/unitedfc.com.mx\/en\/wp-json\/wp\/v2\/media\/4918"}],"wp:attachment":[{"href":"https:\/\/unitedfc.com.mx\/en\/wp-json\/wp\/v2\/media?parent=5023"}],"curies":[{"name":"wp","href":"https:\/\/api.w.org\/{rel}","templated":true}]}}